{"id":1966,"date":"2022-02-16T16:16:47","date_gmt":"2022-02-16T15:16:47","guid":{"rendered":"http:\/\/lapiazzadelleidee.comune.mirano.ve.it\/?page_id=1966"},"modified":"2025-03-26T16:39:56","modified_gmt":"2025-03-26T15:39:56","slug":"pums-2","status":"publish","type":"page","link":"https:\/\/lapiazzadelleidee.comune.mirano.ve.it\/?page_id=1966","title":{"rendered":"PUMS"},"content":{"rendered":"\n<h3 class=\"wp-block-heading\">Programma Urbano di Mobilit\u00e0 Sostenibile<\/h3>\n\n\n\n<p>Il Comune di Mirano sta predisponendo il <strong>Programma Urbano di Mobilit\u00e0 Sostenibile<\/strong> (PUMS) per rendere il territorio pi\u00f9 sicuro, pi\u00f9 accessibile e pi\u00f9 accogliete.<\/p>\n\n\n\n<p>I problemi di inquinamento dell&#8217;aria, di congestione e di incidenti sono a Mirano, come nella maggior parte del Veneto, migliorabili attraverso soluzioni condivise che richiedono a tutti piccole scelte quotidiane:<br>usare l&#8217;auto solo quando serve, condividere passaggi, usare di pi\u00f9 i mezzi pubblici, spostarsi in bicicletta o a piedi, garantire percorsi sicuri per i ragazzi perch\u00e8 siano pi\u00f9 autonomi, evitare gli spostamenti inutili, svecchiare il parco auto e moto circolante, rendere pi\u00f9 sicuri i quartieri residenziali e trovare soluzioni flessibili per rendere ancora pi\u00f9 bello il centro storico e le frazioni, sono solo alcuni spunti per trovare soluzioni nuove per la citt\u00e0 di Mirano.<\/p>\n\n\n\n<p>Per trovare assieme le proposte da inserire nel PUMS il Comune nel 2021 ha iniziato un percorso di condivisione e confronto con la cittadinanza, prevedendo diverse fasi partecipative. <\/p>\n\n\n\n<p>Attraverso l\u2019analisi dei dati raccolti ed il coinvolgimento di cittadini e associazioni nei laboratori partecipati a cui vanno aggiunte una decina di operatori turistici ed oltre 300 persone che hanno risposto al questionario (nel documento &#8220;Report attivit\u00e0 partecipate&#8221; si trovano la sintesi delle attivit\u00e0 di coinvolgimento) sono emersi i principali obiettivi e le azioni che costituiscono il\u00a0 programma: 11 gli obiettivi e 74 le azioni specifiche, tra cui la riduzione del traffico di attraversamento, il miglioramento della sicurezza stradale e l\u2019incentivazione alla mobilit\u00e0 ciclabile e pedonale, la previsione di interventi a favore della riqualificazione degli spazi stradali con attivit\u00e0 che puntano a rendere pi\u00f9 vivibili e sicuri i centri abitati, nonch\u00e9 azioni di divulgazione e sensibilizzazione in merito alla sostenibilit\u00e0.<\/p>\n\n\n\n<p>Le attivit\u00e0 partecipate programmate e realizzate sono state le seguenti:<\/p>\n\n\n\n<p>1. Indagine-intervista con gli operatori turistici &#8211; novembre 2021<\/p>\n\n\n\n<p>2. Un&#8217;ora con i consiglieri comunali \u2013 febbraio 2022<\/p>\n\n\n\n<p>3. Campagna di avvio del PUMS e lancio dei laboratori partecipati \u2013 febbraio 2022<\/p>\n\n\n\n<p>4. Indagine on line aperta a tutti \u2013 febbraio e marzo 2022<\/p>\n\n\n\n<p>5. Tavoli partecipati aperti alla cittadinanza &#8211; marzo e aprile 2022<\/p>\n\n\n\n<p>6. Primo confronto con la Citt\u00e0 Metropolitana di Venezia \u2013 marzo 2022<\/p>\n\n\n\n<p>7. Ulteriori momenti partecipati con i cittadini e consiglieri &#8211; dicembre 2024<\/p>\n\n\n\n<p><\/p>\n\n\n\n<p>Il PUMS \u00e8 stato poi approvato dalla Giunta Comunale.  <\/p>\n\n\n\n<p><\/p>\n\n\n\n<figure class=\"wp-block-image size-large\"><a href=\"http:\/\/lapiazzadelleidee.comune.mirano.ve.it\/cms\/wp-content\/uploads\/2022\/02\/PUMS_locandinaDEF-1.jpg\"><img decoding=\"async\" loading=\"lazy\" width=\"724\" height=\"1024\" src=\"http:\/\/lapiazzadelleidee.comune.mirano.ve.it\/cms\/wp-content\/uploads\/2022\/02\/PUMS_locandinaDEF-1-724x1024.jpg\" alt=\"\" class=\"wp-image-1971\" srcset=\"https:\/\/lapiazzadelleidee.comune.mirano.ve.it\/cms\/wp-content\/uploads\/2022\/02\/PUMS_locandinaDEF-1-724x1024.jpg 724w, https:\/\/lapiazzadelleidee.comune.mirano.ve.it\/cms\/wp-content\/uploads\/2022\/02\/PUMS_locandinaDEF-1-212x300.jpg 212w, https:\/\/lapiazzadelleidee.comune.mirano.ve.it\/cms\/wp-content\/uploads\/2022\/02\/PUMS_locandinaDEF-1-768x1086.jpg 768w, https:\/\/lapiazzadelleidee.comune.mirano.ve.it\/cms\/wp-content\/uploads\/2022\/02\/PUMS_locandinaDEF-1-1086x1536.jpg 1086w, https:\/\/lapiazzadelleidee.comune.mirano.ve.it\/cms\/wp-content\/uploads\/2022\/02\/PUMS_locandinaDEF-1-1448x2048.jpg 1448w, https:\/\/lapiazzadelleidee.comune.mirano.ve.it\/cms\/wp-content\/uploads\/2022\/02\/PUMS_locandinaDEF-1-1024x1448.jpg 1024w, https:\/\/lapiazzadelleidee.comune.mirano.ve.it\/cms\/wp-content\/uploads\/2022\/02\/PUMS_locandinaDEF-1-764x1080.jpg 764w, https:\/\/lapiazzadelleidee.comune.mirano.ve.it\/cms\/wp-content\/uploads\/2022\/02\/PUMS_locandinaDEF-1.jpg 1500w\" sizes=\"(max-width: 724px) 100vw, 724px\" \/><\/a><\/figure>\n","protected":false},"excerpt":{"rendered":"<p>Programma Urbano di Mobilit\u00e0 Sostenibile Il Comune di Mirano sta predisponendo il Programma Urbano di Mobilit\u00e0 Sostenibile (PUMS) per rendere il territorio pi\u00f9 sicuro, pi\u00f9 accessibile e pi\u00f9 accogliete. I problemi di inquinamento dell&#8217;aria, di congestione e di incidenti sono a Mirano, come nella maggior parte del Veneto, migliorabili attraverso soluzioni condivise che richiedono a&hellip; <br \/> <a class=\"button small blue\" href=\"https:\/\/lapiazzadelleidee.comune.mirano.ve.it\/?page_id=1966\">Leggi tutto<\/a><\/p>\n","protected":false},"author":1,"featured_media":0,"parent":0,"menu_order":0,"comment_status":"closed","ping_status":"closed","template":"","meta":{"footnotes":""},"_links":{"self":[{"href":"https:\/\/lapiazzadelleidee.comune.mirano.ve.it\/index.php?rest_route=\/wp\/v2\/pages\/1966"}],"collection":[{"href":"https:\/\/lapiazzadelleidee.comune.mirano.ve.it\/index.php?rest_route=\/wp\/v2\/pages"}],"about":[{"href":"https:\/\/lapiazzadelleidee.comune.mirano.ve.it\/index.php?rest_route=\/wp\/v2\/types\/page"}],"author":[{"embeddable":true,"href":"https:\/\/lapiazzadelleidee.comune.mirano.ve.it\/index.php?rest_route=\/wp\/v2\/users\/1"}],"replies":[{"embeddable":true,"href":"https:\/\/lapiazzadelleidee.comune.mirano.ve.it\/index.php?rest_route=%2Fwp%2Fv2%2Fcomments&post=1966"}],"version-history":[{"count":22,"href":"https:\/\/lapiazzadelleidee.comune.mirano.ve.it\/index.php?rest_route=\/wp\/v2\/pages\/1966\/revisions"}],"predecessor-version":[{"id":2425,"href":"https:\/\/lapiazzadelleidee.comune.mirano.ve.it\/index.php?rest_route=\/wp\/v2\/pages\/1966\/revisions\/2425"}],"wp:attachment":[{"href":"https:\/\/lapiazzadelleidee.comune.mirano.ve.it\/index.php?rest_route=%2Fwp%2Fv2%2Fmedia&parent=1966"}],"curies":[{"name":"wp","href":"https:\/\/api.w.org\/{rel}","templated":true}]}}