{"id":596,"date":"2019-04-10T15:56:45","date_gmt":"2019-04-10T13:56:45","guid":{"rendered":"http:\/\/lapiazzadelleidee.comune.mirano.ve.it\/?page_id=596"},"modified":"2025-09-23T16:39:47","modified_gmt":"2025-09-23T14:39:47","slug":"one-page-express","status":"publish","type":"page","link":"https:\/\/lapiazzadelleidee.comune.mirano.ve.it\/","title":{"rendered":"Front Page"},"content":{"rendered":"<div  id=\"overlapable-3\" class=\"features-image-cards-section stripped-features-image-cards-section\" style=\"background-color: #ffffff;\" data-label=\"Overlapable\" data-id=\"stripped-features-image-cards-section\" data-category=\"overlapable\" data-=\"\" data-overlap=\"true\">\n<div  class=\"gridContainer\">\n<div  class=\"features-image-cards-innerrow flexbox-list\" data-type=\"row\">\n<div  class=\"features-image-cards-cardcol cp6cols-tablet cp3cols\">\n<div  class=\"features-image-cards-cardrow\"><img  decoding=\"async\" class=\"features-image-cards-featimg\" src=\"http:\/\/lapiazzadelleidee.comune.mirano.ve.it\/cms\/wp-content\/uploads\/2024\/12\/Schermata-2024-12-20-alle-14.54.30.png\" alt=\"\">\n<div  class=\"features-image-cards-cardtextrow\" data-type=\"column\">\n<h4  class=\"\">Facciamo un Patto!<\/h4>\n<p  class=\"\">Un percorso di empowerment per associazioni e cittadini, e di formazione per gli uffici comunali a supporto del nuovo regolamento per i patti di collaborazione<\/p>\n\n\n<hr  class=\"features-image-cards-separator\">\n<p  class=\"\"><a class=\"\" href=\"https:\/\/lapiazzadelleidee.comune.mirano.ve.it?page_id=2294\" target=\"_self\" rel=\"noopener noreferrer\">continua a leggere\u2026<\/a><\/p>\n\n<\/div>\n<\/div>\n<\/div><div  class=\"features-image-cards-cardcol cp6cols-tablet cp3cols\">\n<div  class=\"features-image-cards-cardrow\"><img  decoding=\"async\" class=\"features-image-cards-featimg\" src=\"http:\/\/lapiazzadelleidee.comune.mirano.ve.it\/cms\/wp-content\/uploads\/2025\/03\/10.png\" alt=\"\">\n<div  class=\"features-image-cards-cardtextrow\" data-type=\"column\">\n<h4  class=\"\">Stipula un Patto di Collaborazione<\/h4>\n<p  class=\"\">In data 28 febbraio 2025&nbsp;<strong >\u00e8 entrato in vigore<\/strong>&nbsp;l\u2019aggiornamento al Regolamento per la Partecipazione ampliando la platea dei soggetti attivi che possono stilpulare un Patto di Collaborazione.<\/p>\n\n\n<a href=\"https:\/\/lapiazzadelleidee.comune.mirano.ve.it?page_id=2385\" class=\"\" target=\"_blank\" rel=\"noopener\">new link<\/a><\/div>\n<\/div>\n<\/div><div  class=\"features-image-cards-cardcol cp6cols-tablet cp3cols\">\n<div  class=\"features-image-cards-cardrow\"><img  decoding=\"async\" class=\"features-image-cards-featimg\" src=\"http:\/\/lapiazzadelleidee.comune.mirano.ve.it\/cms\/wp-content\/uploads\/2023\/06\/mirano-si-fa-spazio-1.png\" alt=\"\">\n<div  class=\"features-image-cards-cardtextrow\" data-type=\"column\">\n<h4  class=\"\">Mirano si fa Spazio<\/h4>\n<p  class=\"\">Un percorso partecipato per ridisegnare lo spazio pubblico.<\/p>\n\n\n<hr  class=\"features-image-cards-separator\">\n<p  class=\"\"><a class=\"\" href=\"https:\/\/lapiazzadelleidee.comune.mirano.ve.it?page_id=2178\" target=\"_self\" rel=\"noopener\">Segui i lavori!<\/a><\/p>\n\n<\/div>\n<\/div>\n<\/div>\n\n\n<div  class=\"features-image-cards-cardcol cp6cols-tablet cp3cols\">\n<div  class=\"features-image-cards-cardrow\"><img  decoding=\"async\" class=\"features-image-cards-featimg\" src=\"http:\/\/lapiazzadelleidee.comune.mirano.ve.it\/cms\/wp-content\/uploads\/2022\/02\/PUMS.jpg\" alt=\"\">\n<div  class=\"features-image-cards-cardtextrow\" data-type=\"column\">\n<h4  class=\"\">PUMS<\/h4>\n<p  class=\"\">Il Comune di Mirano sta predisponendo il Programma Urbano di Mobilit\u00e0 Sostenibile (PUMS) per rendere il territorio pi\u00f9 sicuro, pi\u00f9 accessibile e pi\u00f9 accogliete.<\/p>\n<p  class=\"\"><a class=\"\" href=\"https:\/\/lapiazzadelleidee.comune.mirano.ve.it?page_id=1966\" target=\"_self\" rel=\"noopener noreferrer\">continua a leggere \u2026 <\/a><\/p>\n\n<\/div>\n<\/div>\n<\/div>\n<\/div>\n<\/div>\n<\/div><div  id=\"portfolio-1\" class=\"portfolio-cards-section\" style=\"background-color: #f6f6f6;\" data-label=\"Portfolio\" data-id=\"portfolio-cards-section\" data-category=\"portfolio\">\n<div  class=\"\">\n<div  class=\"portfolio-cards-textcol dynamic-color\" data-type=\"column\">\n<h3  class=\"\">Cittadinanza attiva<\/h3>\n<p  class=\"\"><img loading=\"lazy\"  decoding=\"async\" class=\"custom-image aligncenter\" src=\"http:\/\/lapiazzadelleidee.comune.mirano.ve.it\/cms\/wp-content\/uploads\/2019\/05\/20190402_autismo-dante.jpg\" width=\"408\" height=\"274\"><\/p>\n\n<h4  class=\"\">Il Comune di Mirano promuove la concreta attuazione del principio di sussidiariet\u00e0 istituito dall\u2019art. 118, quarto comma, della Costituzione Italiana, che recita \u201cStato, Regione, Citt\u00e0 Metropolitana, Province e Comuni favoriscono l\u2019autonoma iniziativa dei cittadini, singoli e associati, per lo svolgimento di attivit\u00e0 di interesse generale, sulla base del principio di sussidiariet\u00e0\u201d (art.1 Regolamento Mi prendo cura della mia citt\u00e0).<\/h4>\n<p  class=\"\">In foto, il pezzo di puzzle donato il 2 Aprile 2019 dai bambini della scuola elementare Dante Alighieri durante la giornata di sensibilizzazione sull\u2019autismo.<\/p>\n\n<\/div>\n<div  class=\"portfolio-cards-projectsro dark-text\" data-type=\"row\">\n<div  class=\"portfolio-cards-projectcol cp6cols-tablet cp3cols\">\n<div  class=\"portfolio-cards-projectcard\">\n<div  id=\"ContentSwap104\" class=\"contentswap-effect ContentSwap104\">\n<div  class=\"ContentSwap104_content initial-image\">\n\n<a  class=\"\" href=\"https:\/\/lapiazzadelleidee.comune.mirano.ve.it\/cms\/wp-content\/uploads\/2022\/06\/IMG_20220608_094715-scaled-e1654855266580.jpg\"><img loading=\"lazy\"  decoding=\"async\" class=\"alignnone wp-image-2092\" src=\"http:\/\/lapiazzadelleidee.comune.mirano.ve.it\/cms\/wp-content\/uploads\/2022\/06\/IMG_20220608_094715-scaled-e1654855266580-300x249.jpg\" sizes=\"(max-width: 715px) 100vw, 715px\" srcset=\"https:\/\/lapiazzadelleidee.comune.mirano.ve.it\/cms\/wp-content\/uploads\/2022\/06\/IMG_20220608_094715-scaled-e1654855266580-300x249.jpg 300w, https:\/\/lapiazzadelleidee.comune.mirano.ve.it\/cms\/wp-content\/uploads\/2022\/06\/IMG_20220608_094715-scaled-e1654855266580-768x637.jpg 768w, https:\/\/lapiazzadelleidee.comune.mirano.ve.it\/cms\/wp-content\/uploads\/2022\/06\/IMG_20220608_094715-scaled-e1654855266580.jpg 964w\" alt=\"\" width=\"715\" height=\"593\"><\/a>\n\n<\/div>\n<div ><\/div>\n<div  class=\"overlay\" style=\"display: block; opacity: 1; text-align: center;\" data-preview-empty=\"1\"><\/div>\n<\/div>\n<div  class=\"portfolio-cards-projectinfo\">\n<div  class=\"portfolio-cards-projnamecol\" data-type=\"column\">\n<h4  class=\"portfolio-cards-projtitle\"><a  href=\"https:\/\/lapiazzadelleidee.comune.mirano.ve.it?page_id=2100\">Murales in Citt\u00e0<\/a><\/h4>\n<\/div>\n<\/div>\n<\/div>\n<\/div>\n<div  class=\"portfolio-cards-projectcol cp6cols-tablet cp3cols\">\n<div  class=\"portfolio-cards-projectcard\">\n<div  id=\"ContentSwap104\" class=\"contentswap-effect ContentSwap104\">\n<div  class=\"ContentSwap104_content initial-image\">\n\n<a  class=\"\" href=\"https:\/\/lapiazzadelleidee.comune.mirano.ve.it\/cms\/wp-content\/uploads\/2022\/03\/DJI_0375-e1693235569754.jpg\"><img loading=\"lazy\"  decoding=\"async\" class=\"wp-image-2084\" src=\"http:\/\/lapiazzadelleidee.comune.mirano.ve.it\/cms\/wp-content\/uploads\/2022\/03\/DJI_0375-e1693235569754-300x287.jpg\" sizes=\"(max-width: 1200px) 100vw, 1200px\" srcset=\"https:\/\/lapiazzadelleidee.comune.mirano.ve.it\/cms\/wp-content\/uploads\/2022\/03\/DJI_0375-e1693235569754-300x287.jpg 300w, https:\/\/lapiazzadelleidee.comune.mirano.ve.it\/cms\/wp-content\/uploads\/2022\/03\/DJI_0375-e1693235569754.jpg 525w\" alt=\"\" width=\"752\" height=\"719\"><\/a>\n\n<\/div>\n<\/div>\n<div  class=\"portfolio-cards-projectinfo\">\n<div  class=\"portfolio-cards-projnamecol\" data-type=\"column\">\n<h4  class=\"portfolio-cards-projtitle\"><a  href=\"https:\/\/lapiazzadelleidee.comune.mirano.ve.it?page_id=2013\" data-wplink-url-error=\"true\">My Regeneration<\/a><\/h4>\n<\/div>\n<\/div>\n<\/div>\n<\/div>\n<div  class=\"portfolio-cards-projectcol cp6cols-tablet cp3cols\">\n<div  class=\"portfolio-cards-projectcard\">\n<div  id=\"ContentSwap104\" class=\"contentswap-effect ContentSwap104\">\n<div  class=\"ContentSwap104_content initial-image\"><a  class=\"\" href=\"https:\/\/lapiazzadelleidee.comune.mirano.ve.it\/cms\/wp-content\/uploads\/2019\/11\/mirano-urla.jpeg\"><img  decoding=\"async\" loading=\"lazy\" class=\"alignnone wp-image-1306\" src=\"http:\/\/lapiazzadelleidee.comune.mirano.ve.it\/cms\/wp-content\/uploads\/2019\/11\/mirano-urla-300x300.jpeg\" sizes=\"(max-width: 754px) 100vw, 754px\" srcset=\"https:\/\/lapiazzadelleidee.comune.mirano.ve.it\/cms\/wp-content\/uploads\/2019\/11\/mirano-urla-300x300.jpeg 300w, https:\/\/lapiazzadelleidee.comune.mirano.ve.it\/cms\/wp-content\/uploads\/2019\/11\/mirano-urla-150x150.jpeg 150w, https:\/\/lapiazzadelleidee.comune.mirano.ve.it\/cms\/wp-content\/uploads\/2019\/11\/mirano-urla.jpeg 500w\" alt=\"\" width=\"754\" height=\"754\"><\/a><\/div>\n<div ><\/div>\n<div  class=\"overlay\" style=\"display: block; opacity: 1; text-align: center;\" data-preview-empty=\"1\"><\/div>\n<\/div>\n<div  class=\"portfolio-cards-projectinfo\">\n<div  class=\"portfolio-cards-projnamecol\" data-type=\"column\">\n<h4  class=\"portfolio-cards-projtitle\"><a  href=\"https:\/\/lapiazzadelleidee.comune.mirano.ve.it?page_id=662\" data-wplink-url-error=\"true\">Mirano Urla<\/a><\/h4>\n<\/div>\n<\/div>\n<\/div>\n<\/div>\n<div  class=\"portfolio-cards-projectcol cp6cols-tablet cp3cols\">\n<div  class=\"portfolio-cards-projectcard\">\n<div  id=\"ContentSwap104\" class=\"contentswap-effect ContentSwap104\">\n<div  class=\"ContentSwap104_content initial-image\"><img  decoding=\"async\" loading=\"lazy\" class=\"wp-image-1327 size-full alignleft\" src=\"http:\/\/lapiazzadelleidee.comune.mirano.ve.it\/cms\/wp-content\/uploads\/2019\/11\/cropped-2019-11-25_72h-maniche-in-su_00-e1693235663888.jpeg\" sizes=\"(max-width: 800px) 100vw, 800px\" srcset=\"https:\/\/lapiazzadelleidee.comune.mirano.ve.it\/cms\/wp-content\/uploads\/2019\/11\/cropped-2019-11-25_72h-maniche-in-su_00-e1693235663888.jpeg 800w, https:\/\/lapiazzadelleidee.comune.mirano.ve.it\/cms\/wp-content\/uploads\/2019\/11\/cropped-2019-11-25_72h-maniche-in-su_00-e1693235663888-300x300.jpeg 300w, https:\/\/lapiazzadelleidee.comune.mirano.ve.it\/cms\/wp-content\/uploads\/2019\/11\/cropped-2019-11-25_72h-maniche-in-su_00-e1693235663888-150x150.jpeg 150w, https:\/\/lapiazzadelleidee.comune.mirano.ve.it\/cms\/wp-content\/uploads\/2019\/11\/cropped-2019-11-25_72h-maniche-in-su_00-e1693235663888-768x768.jpeg 768w\" alt=\"\" width=\"800\" height=\"800\"><\/div>\n<div ><\/div>\n<div  class=\"overlay\" style=\"display: block; opacity: 1; text-align: center;\" data-preview-empty=\"1\"><\/div>\n<\/div>\n<div  class=\"portfolio-cards-projectinfo\">\n<div  class=\"portfolio-cards-projnamecol\" data-type=\"column\">\n<h4  class=\"\"><\/h4>\n<h4  class=\"\"><\/h4>\n<h4  class=\"\"><\/h4>\n<h4  class=\"\"><\/h4>\n<h4  class=\"\"><\/h4>\n<h4  class=\"\"><\/h4>\n<h4  class=\"\"><\/h4>\n<h4  class=\"\"><\/h4>\n<h4  class=\"\"><\/h4>\n<h4  class=\"\"><\/h4>\n<h4  class=\"\"><\/h4>\n<h4  class=\"\"><\/h4>\n<h4  class=\"\"><\/h4>\n<h4  class=\"\"><\/h4>\n<h4  class=\"\"><\/h4>\n<h4  class=\"\"><\/h4>\n<h4  class=\"portfolio-cards-projtitle\"><a  href=\"https:\/\/lapiazzadelleidee.comune.mirano.ve.it?page_id=1330\" data-wplink-url-error=\"true\">72h maniche in su<\/a><\/h4>\n<\/div>\n<\/div>\n<\/div>\n<\/div>\n<\/div>\n<\/div>\n<\/div><div  id=\"cta-1\" class=\"cta-blue-section\" data-label=\"Call to action\" data-id=\"cta-blue-section\" data-category=\"cta\">\n<div  class=\"gridContainer\">\n<div  class=\"flexbox-list flexbox-list-align-center row\">\n<div  class=\"cta-blue-textcol dynamic-color\">\n<h2  class=\"cta-blue-text\"><b  class=\"element2\"> tutte le azioni<\/b><\/h2>\n<\/div>\n<div  class=\"cta-blue-btncol\"><a class=\"button big yellow dark-text\" href=\"https:\/\/lapiazzadelleidee.comune.mirano.ve.it?page_id=622#http:\/\/lapiazzadelleidee.comune.mirano.ve.it\/?page_id=622\" target=\"_blank\" rel=\"noopener noreferrer\"> segui e partecipa <\/a><\/div>\n<\/div>\n<\/div>\n<\/div><div  id=\"latest-posts\" class=\"blog-section\" style=\"background-color: #f6f6f6;\" data-label=\"Latest posts\" data-id=\"blog-section\" data-category=\"latest_news\">\n<div  class=\"\">\n<div  class=\"blog-textrow\">\n<div  class=\"blog-textcol dynamic-color\" data-type=\"column\">\n<h2  class=\"\">Ultime notizie<\/h2>\n<\/div>\n<\/div>\n<div  class=\"blog-postsrow dark-text\" data-type=\"row\" data-dynamic-columns=\"one_page_express_latest_news_columns\" data-content-shortcode=\"one_page_express_latest_news\">\t\t\t<div id=\"post-2143\" class=\"blog-postcol cp4cols\">\n\t\t\t<div class=\"post-content\">\n\t\t\t\t\t\t\t\t\t<a class=\"post-list-item-thumb\" href=\"https:\/\/lapiazzadelleidee.comune.mirano.ve.it\/?p=2143\">\n\t\t\t\t\t\t<img loading=\"lazy\" width=\"1024\" height=\"486\" src=\"https:\/\/lapiazzadelleidee.comune.mirano.ve.it\/cms\/wp-content\/uploads\/2022\/06\/IMG_20220319_111715_ridotta-1024x486.jpg\" class=\"attachment-post-thumbnail size-post-thumbnail wp-post-image\" alt=\"\" decoding=\"async\" srcset=\"https:\/\/lapiazzadelleidee.comune.mirano.ve.it\/cms\/wp-content\/uploads\/2022\/06\/IMG_20220319_111715_ridotta-1024x486.jpg 1024w, https:\/\/lapiazzadelleidee.comune.mirano.ve.it\/cms\/wp-content\/uploads\/2022\/06\/IMG_20220319_111715_ridotta-300x142.jpg 300w, https:\/\/lapiazzadelleidee.comune.mirano.ve.it\/cms\/wp-content\/uploads\/2022\/06\/IMG_20220319_111715_ridotta-768x365.jpg 768w, https:\/\/lapiazzadelleidee.comune.mirano.ve.it\/cms\/wp-content\/uploads\/2022\/06\/IMG_20220319_111715_ridotta-1536x729.jpg 1536w, https:\/\/lapiazzadelleidee.comune.mirano.ve.it\/cms\/wp-content\/uploads\/2022\/06\/IMG_20220319_111715_ridotta-2048x973.jpg 2048w, https:\/\/lapiazzadelleidee.comune.mirano.ve.it\/cms\/wp-content\/uploads\/2022\/06\/IMG_20220319_111715_ridotta-1920x912.jpg 1920w\" sizes=\"(max-width: 1024px) 100vw, 1024px\" \/>\t\t\t\t\t<\/a>\n\t\t\t\t\t\t\t\t<div class=\"row_345\">\n\t\t\t\t\t<h3 class=\"blog-title\">\n\t\t\t\t\t\t<a href=\"https:\/\/lapiazzadelleidee.comune.mirano.ve.it\/?p=2143\" rel=\"bookmark\">\n\t\t\t\t\t\t\tAmpliamento Parco Morvillo\t\t\t\t\t\t<\/a>\n\t\t\t\t\t<\/h3>\n\t\t\t\t\t<p>Il 2 aprile 2021 il\u00a0Comune di Mirano\u00a0e la\u00a0Gasparini S.p.A.\u00a0hanno siglato il\u00a0Protocollo d\u2019intesa per il conseguimento di obiettivi programmatici condivisi di valorizzazione ambientale di un contesto urbano da destinare a spazio[&hellip;]\n\t\t\t\t\t<a class=\"button blue small\" href=\"https:\/\/lapiazzadelleidee.comune.mirano.ve.it\/?p=2143\">\n\t\t\t\t\t\t<span data-theme=\"one_page_express_latest_news_read_more\">Read more<\/span>\n\t\t\t\t\t<\/a>\n\t\t\t\t\t<hr class=\"blog-separator\">\n<div class=\"post-header\">\n    <i class=\"font-icon-post fa fa-user\"><\/i>\n    <a href=\"https:\/\/lapiazzadelleidee.comune.mirano.ve.it\/?author=1\" title=\"Articoli scritti da \u2022\" rel=\"author\">\u2022<\/a>    <i class=\"font-icon-post fa fa-calendar\"><\/i>\n    <span class=\"span12\">10 Giugno 2022<\/span>\n\n    <i class=\"font-icon-post fa fa-comment-o\"><\/i>\n    <span>0<\/span>\n<\/div>\t\t\t\t<\/div>\n\t\t\t<\/div>\n\t\t<\/div>\n\t\t\t\t<div id=\"post-2138\" class=\"blog-postcol cp4cols\">\n\t\t\t<div class=\"post-content\">\n\t\t\t\t\t\t\t\t\t<a class=\"post-list-item-thumb\" href=\"https:\/\/lapiazzadelleidee.comune.mirano.ve.it\/?p=2138\">\n\t\t\t\t\t\t<img loading=\"lazy\" width=\"1024\" height=\"1624\" src=\"https:\/\/lapiazzadelleidee.comune.mirano.ve.it\/cms\/wp-content\/uploads\/2022\/06\/IMG_20220529_165700_ridotta-1024x1624.jpg\" class=\"attachment-post-thumbnail size-post-thumbnail wp-post-image\" alt=\"\" decoding=\"async\" srcset=\"https:\/\/lapiazzadelleidee.comune.mirano.ve.it\/cms\/wp-content\/uploads\/2022\/06\/IMG_20220529_165700_ridotta-1024x1624.jpg 1024w, https:\/\/lapiazzadelleidee.comune.mirano.ve.it\/cms\/wp-content\/uploads\/2022\/06\/IMG_20220529_165700_ridotta-189x300.jpg 189w, https:\/\/lapiazzadelleidee.comune.mirano.ve.it\/cms\/wp-content\/uploads\/2022\/06\/IMG_20220529_165700_ridotta-646x1024.jpg 646w, https:\/\/lapiazzadelleidee.comune.mirano.ve.it\/cms\/wp-content\/uploads\/2022\/06\/IMG_20220529_165700_ridotta-768x1218.jpg 768w, https:\/\/lapiazzadelleidee.comune.mirano.ve.it\/cms\/wp-content\/uploads\/2022\/06\/IMG_20220529_165700_ridotta-969x1536.jpg 969w, https:\/\/lapiazzadelleidee.comune.mirano.ve.it\/cms\/wp-content\/uploads\/2022\/06\/IMG_20220529_165700_ridotta-1291x2048.jpg 1291w, https:\/\/lapiazzadelleidee.comune.mirano.ve.it\/cms\/wp-content\/uploads\/2022\/06\/IMG_20220529_165700_ridotta-681x1080.jpg 681w, https:\/\/lapiazzadelleidee.comune.mirano.ve.it\/cms\/wp-content\/uploads\/2022\/06\/IMG_20220529_165700_ridotta-scaled.jpg 1614w\" sizes=\"(max-width: 1024px) 100vw, 1024px\" \/>\t\t\t\t\t<\/a>\n\t\t\t\t\t\t\t\t<div class=\"row_345\">\n\t\t\t\t\t<h3 class=\"blog-title\">\n\t\t\t\t\t\t<a href=\"https:\/\/lapiazzadelleidee.comune.mirano.ve.it\/?p=2138\" rel=\"bookmark\">\n\t\t\t\t\t\t\tMappa Metrominuto\t\t\t\t\t\t<\/a>\n\t\t\t\t\t<\/h3>\n\t\t\t\t\t<p>In corso di realizzazione \u00e8 la mappa #metrominuto con indicati i percorsi ciclopedonali da poter percorrere e raggiungere cos\u00ec in modo sostenibile i luoghi principali di Mirano. Le mappe verranno[&hellip;]\n\t\t\t\t\t<a class=\"button blue small\" href=\"https:\/\/lapiazzadelleidee.comune.mirano.ve.it\/?p=2138\">\n\t\t\t\t\t\t<span data-theme=\"one_page_express_latest_news_read_more\">Read more<\/span>\n\t\t\t\t\t<\/a>\n\t\t\t\t\t<hr class=\"blog-separator\">\n<div class=\"post-header\">\n    <i class=\"font-icon-post fa fa-user\"><\/i>\n    <a href=\"https:\/\/lapiazzadelleidee.comune.mirano.ve.it\/?author=1\" title=\"Articoli scritti da \u2022\" rel=\"author\">\u2022<\/a>    <i class=\"font-icon-post fa fa-calendar\"><\/i>\n    <span class=\"span12\">10 Giugno 2022<\/span>\n\n    <i class=\"font-icon-post fa fa-comment-o\"><\/i>\n    <span>0<\/span>\n<\/div>\t\t\t\t<\/div>\n\t\t\t<\/div>\n\t\t<\/div>\n\t\t\t\t<div id=\"post-2129\" class=\"blog-postcol cp4cols\">\n\t\t\t<div class=\"post-content\">\n\t\t\t\t\t\t\t\t\t<a class=\"post-list-item-thumb\" href=\"https:\/\/lapiazzadelleidee.comune.mirano.ve.it\/?p=2129\">\n\t\t\t\t\t\t<img loading=\"lazy\" width=\"1024\" height=\"352\" src=\"https:\/\/lapiazzadelleidee.comune.mirano.ve.it\/cms\/wp-content\/uploads\/2022\/06\/IMG_20220529_175216_ridotta-1024x352.jpg\" class=\"attachment-post-thumbnail size-post-thumbnail wp-post-image\" alt=\"\" decoding=\"async\" srcset=\"https:\/\/lapiazzadelleidee.comune.mirano.ve.it\/cms\/wp-content\/uploads\/2022\/06\/IMG_20220529_175216_ridotta-1024x352.jpg 1024w, https:\/\/lapiazzadelleidee.comune.mirano.ve.it\/cms\/wp-content\/uploads\/2022\/06\/IMG_20220529_175216_ridotta-300x103.jpg 300w, https:\/\/lapiazzadelleidee.comune.mirano.ve.it\/cms\/wp-content\/uploads\/2022\/06\/IMG_20220529_175216_ridotta-768x264.jpg 768w, https:\/\/lapiazzadelleidee.comune.mirano.ve.it\/cms\/wp-content\/uploads\/2022\/06\/IMG_20220529_175216_ridotta-1536x527.jpg 1536w, https:\/\/lapiazzadelleidee.comune.mirano.ve.it\/cms\/wp-content\/uploads\/2022\/06\/IMG_20220529_175216_ridotta-1920x659.jpg 1920w, https:\/\/lapiazzadelleidee.comune.mirano.ve.it\/cms\/wp-content\/uploads\/2022\/06\/IMG_20220529_175216_ridotta.jpg 2039w\" sizes=\"(max-width: 1024px) 100vw, 1024px\" \/>\t\t\t\t\t<\/a>\n\t\t\t\t\t\t\t\t<div class=\"row_345\">\n\t\t\t\t\t<h3 class=\"blog-title\">\n\t\t\t\t\t\t<a href=\"https:\/\/lapiazzadelleidee.comune.mirano.ve.it\/?p=2129\" rel=\"bookmark\">\n\t\t\t\t\t\t\tMyR &#8211; Totem espositivi\t\t\t\t\t\t<\/a>\n\t\t\t\t\t<\/h3>\n\t\t\t\t\t<p>Il progetto In Arte Pace &#8211; MyR ha previsto delle opere da affiancare ai gingko biloba presso il Parco Rabin, capaci di esprimere un concetto artistico e valorizzare il significato[&hellip;]\n\t\t\t\t\t<a class=\"button blue small\" href=\"https:\/\/lapiazzadelleidee.comune.mirano.ve.it\/?p=2129\">\n\t\t\t\t\t\t<span data-theme=\"one_page_express_latest_news_read_more\">Read more<\/span>\n\t\t\t\t\t<\/a>\n\t\t\t\t\t<hr class=\"blog-separator\">\n<div class=\"post-header\">\n    <i class=\"font-icon-post fa fa-user\"><\/i>\n    <a href=\"https:\/\/lapiazzadelleidee.comune.mirano.ve.it\/?author=1\" title=\"Articoli scritti da \u2022\" rel=\"author\">\u2022<\/a>    <i class=\"font-icon-post fa fa-calendar\"><\/i>\n    <span class=\"span12\">10 Giugno 2022<\/span>\n\n    <i class=\"font-icon-post fa fa-comment-o\"><\/i>\n    <span>0<\/span>\n<\/div>\t\t\t\t<\/div>\n\t\t\t<\/div>\n\t\t<\/div>\n\t\t<\/div>\n<div  class=\"blog-textcol\"><a  class=\"button blue\" href=\"https:\/\/lapiazzadelleidee.comune.mirano.ve.it\/?page_id=597\" data-attr-shortcode=\"href:one_page_express_blog_link\">altre notizie\u2026<\/a><\/div>\n<\/div>\n<\/div><div  id=\"contact-4\" class=\"contact-section-formsection white-text\" style=\"background-image: none; background-size: auto 1083px; background-repeat: no-repeat; background-position: center top 93.7794%;\" data-label=\"Contact\" data-id=\"contact-section\" data-category=\"contact\" data-bg=\"transparent\">\n<div  class=\"\">\n<div  class=\"row_224\">\n<div  class=\"contact-textrow\">\n<div  class=\"contact-textcol dynamic-color\">\n<h2  class=\"\">scrivici<\/h2>\n<p  class=\"white_text\">per proporre azioni si collaborazione, idee e progetti relativi ad azioni di cittadinanza attiva<\/p>\n\n<\/div>\n<\/div>\n<\/div>\n<div  class=\"contact-formcol\" data-content-shortcode=\"one_page_express_contact_form shortcode=&quot;piazzaidee@comune.mirano.ve.it&quot;\" data-editable=\"true\">[piazzaidee@comune.mirano.ve.it]<\/div>\n<\/div>\n<\/div><a class=\"\" href=\"https:\/\/form.agid.gov.it\/view\/9efe45d0-985d-11f0-88db-4b992871dfdb\" target=\"_blank\" rel=\"noreferrer noopener\">Dichiarazione di accessibilit\u00e0<\/a>","protected":false},"excerpt":{"rendered":"<p>Facciamo un Patto! Un percorso di empowerment per associazioni e cittadini, e di formazione per gli uffici comunali a supporto del nuovo regolamento per i patti di collaborazione continua a leggere\u2026 Stipula un Patto di Collaborazione In data 28 febbraio 2025&nbsp;\u00e8 entrato in vigore&nbsp;l\u2019aggiornamento al Regolamento per la Partecipazione ampliando la platea dei soggetti attivi&hellip; <br \/> <a class=\"button small blue\" href=\"https:\/\/lapiazzadelleidee.comune.mirano.ve.it\/?p=2129\">Leggi tutto<\/a><\/p>\n","protected":false},"author":1,"featured_media":0,"parent":0,"menu_order":0,"comment_status":"closed","ping_status":"closed","template":"","meta":{"footnotes":""},"_links":{"self":[{"href":"https:\/\/lapiazzadelleidee.comune.mirano.ve.it\/index.php?rest_route=\/wp\/v2\/pages\/596"}],"collection":[{"href":"https:\/\/lapiazzadelleidee.comune.mirano.ve.it\/index.php?rest_route=\/wp\/v2\/pages"}],"about":[{"href":"https:\/\/lapiazzadelleidee.comune.mirano.ve.it\/index.php?rest_route=\/wp\/v2\/types\/page"}],"author":[{"embeddable":true,"href":"https:\/\/lapiazzadelleidee.comune.mirano.ve.it\/index.php?rest_route=\/wp\/v2\/users\/1"}],"replies":[{"embeddable":true,"href":"https:\/\/lapiazzadelleidee.comune.mirano.ve.it\/index.php?rest_route=%2Fwp%2Fv2%2Fcomments&post=596"}],"version-history":[{"count":262,"href":"https:\/\/lapiazzadelleidee.comune.mirano.ve.it\/index.php?rest_route=\/wp\/v2\/pages\/596\/revisions"}],"predecessor-version":[{"id":2444,"href":"https:\/\/lapiazzadelleidee.comune.mirano.ve.it\/index.php?rest_route=\/wp\/v2\/pages\/596\/revisions\/2444"}],"wp:attachment":[{"href":"https:\/\/lapiazzadelleidee.comune.mirano.ve.it\/index.php?rest_route=%2Fwp%2Fv2%2Fmedia&parent=596"}],"curies":[{"name":"wp","href":"https:\/\/api.w.org\/{rel}","templated":true}]}}