{"id":620,"date":"2019-04-10T23:50:00","date_gmt":"2019-04-10T21:50:00","guid":{"rendered":"http:\/\/lapiazzadelleidee.comune.mirano.ve.it\/?page_id=620"},"modified":"2020-02-12T12:15:37","modified_gmt":"2020-02-12T11:15:37","slug":"pedibus","status":"publish","type":"page","link":"https:\/\/lapiazzadelleidee.comune.mirano.ve.it\/?page_id=620","title":{"rendered":"Pedibus"},"content":{"rendered":"\n<p>Il Comune, in collaborazione con <strong>Legambiente di Mirano<\/strong> e gli <strong>II.CC.SS. Mirano 1<\/strong> e <strong>Mirano 2<\/strong>, sostiene e promuove il  <em><strong>Progetto Pedibus &#8211; Sicuri a scuola a piedi<\/strong><\/em>.\u00a0\u00a0<br>Siamo ripartiti l\u20198 maggio 2019, con una prima fase sperimentale, per poi riprendere all&#8217;inizio del nuovo anno scolastico 2019-2020, grazie agli <strong>insegnanti<\/strong> e ai <strong>genitori volontari<\/strong> che hanno accompagnato i piccoli cittadini alla scoperta della citt\u00e0. <\/p>\n\n\n\n<div style=\"height:35px\" aria-hidden=\"true\" class=\"wp-block-spacer\"><\/div>\n\n\n\n<figure class=\"wp-block-gallery columns-2 is-cropped wp-block-gallery-1 is-layout-flex wp-block-gallery-is-layout-flex\"><ul class=\"blocks-gallery-grid\"><li class=\"blocks-gallery-item\"><figure><img decoding=\"async\" loading=\"lazy\" width=\"673\" height=\"825\" src=\"http:\/\/lapiazzadelleidee.comune.mirano.ve.it\/cms\/wp-content\/uploads\/2019\/12\/20190509_095055-2-1.jpg\" alt=\"\" data-id=\"1573\" data-full-url=\"http:\/\/lapiazzadelleidee.comune.mirano.ve.it\/cms\/wp-content\/uploads\/2019\/12\/20190509_095055-2-1.jpg\" data-link=\"http:\/\/lapiazzadelleidee.comune.mirano.ve.it\/?attachment_id=1573\" class=\"wp-image-1573\" srcset=\"https:\/\/lapiazzadelleidee.comune.mirano.ve.it\/cms\/wp-content\/uploads\/2019\/12\/20190509_095055-2-1.jpg 673w, https:\/\/lapiazzadelleidee.comune.mirano.ve.it\/cms\/wp-content\/uploads\/2019\/12\/20190509_095055-2-1-245x300.jpg 245w\" sizes=\"(max-width: 673px) 100vw, 673px\" \/><\/figure><\/li><li class=\"blocks-gallery-item\"><figure><img decoding=\"async\" loading=\"lazy\" width=\"1024\" height=\"687\" src=\"http:\/\/lapiazzadelleidee.comune.mirano.ve.it\/cms\/wp-content\/uploads\/2019\/12\/20190508_080152-2-1-1024x687.jpg\" alt=\"\" data-id=\"1574\" data-full-url=\"http:\/\/lapiazzadelleidee.comune.mirano.ve.it\/cms\/wp-content\/uploads\/2019\/12\/20190508_080152-2-1.jpg\" data-link=\"http:\/\/lapiazzadelleidee.comune.mirano.ve.it\/?attachment_id=1574\" class=\"wp-image-1574\" srcset=\"https:\/\/lapiazzadelleidee.comune.mirano.ve.it\/cms\/wp-content\/uploads\/2019\/12\/20190508_080152-2-1-1024x687.jpg 1024w, https:\/\/lapiazzadelleidee.comune.mirano.ve.it\/cms\/wp-content\/uploads\/2019\/12\/20190508_080152-2-1-300x201.jpg 300w, https:\/\/lapiazzadelleidee.comune.mirano.ve.it\/cms\/wp-content\/uploads\/2019\/12\/20190508_080152-2-1-768x515.jpg 768w, https:\/\/lapiazzadelleidee.comune.mirano.ve.it\/cms\/wp-content\/uploads\/2019\/12\/20190508_080152-2-1-1536x1031.jpg 1536w, https:\/\/lapiazzadelleidee.comune.mirano.ve.it\/cms\/wp-content\/uploads\/2019\/12\/20190508_080152-2-1-1609x1080.jpg 1609w, https:\/\/lapiazzadelleidee.comune.mirano.ve.it\/cms\/wp-content\/uploads\/2019\/12\/20190508_080152-2-1.jpg 1718w\" sizes=\"(max-width: 1024px) 100vw, 1024px\" \/><\/figure><\/li><\/ul><\/figure>\n\n\n\n<div style=\"height:25px\" aria-hidden=\"true\" class=\"wp-block-spacer\"><\/div>\n\n\n\n<h3 class=\"wp-block-heading\"><strong>PROGETTO PEDIBUS &#8211; SICURI A SCUOLA A PIEDI <\/strong><\/h3>\n\n\n\n<p>Rivolti agli <strong>insegnanti<\/strong> e ai <strong>genitori volontari<\/strong>, sono stati promossi incontri atti a sottolineare  la forte valenza educativa del progetto, che stimola la riappropriazione della citt\u00e0 da parte di bambini e bambine e accompagnatori, attraverso la conoscenza dell&#8217;ambiente nel quale viviamo, inteso non solo come spazio del consumo e dello sfruttamento delle risorse, ma come luogo di relazioni e di comunit\u00e0. La citt\u00e0 \u00e8 fatta di diversi elementi e soggetti con i quali i bambini attraverso il <em>Progetto Pedibus<\/em> possono avere l\u2019opportunit\u00e0 di relazionarsi, imparando ad orientarsi nella viabilit\u00e0 e a conoscere l\u2019ambiente e i suoi valori paesaggistici.<\/p>\n\n\n\n<div style=\"height:25px\" aria-hidden=\"true\" class=\"wp-block-spacer\"><\/div>\n\n\n\n<figure class=\"wp-block-gallery columns-3 is-cropped wp-block-gallery-3 is-layout-flex wp-block-gallery-is-layout-flex\"><ul class=\"blocks-gallery-grid\"><li class=\"blocks-gallery-item\"><figure><img decoding=\"async\" loading=\"lazy\" width=\"630\" height=\"445\" src=\"http:\/\/lapiazzadelleidee.comune.mirano.ve.it\/cms\/wp-content\/uploads\/2019\/02\/15-febbraio.jpg\" alt=\"\" data-id=\"1129\" data-full-url=\"http:\/\/lapiazzadelleidee.comune.mirano.ve.it\/cms\/wp-content\/uploads\/2019\/02\/15-febbraio.jpg\" data-link=\"http:\/\/lapiazzadelleidee.comune.mirano.ve.it\/?attachment_id=1129\" class=\"wp-image-1129\" srcset=\"https:\/\/lapiazzadelleidee.comune.mirano.ve.it\/cms\/wp-content\/uploads\/2019\/02\/15-febbraio.jpg 630w, https:\/\/lapiazzadelleidee.comune.mirano.ve.it\/cms\/wp-content\/uploads\/2019\/02\/15-febbraio-300x212.jpg 300w\" sizes=\"(max-width: 630px) 100vw, 630px\" \/><\/figure><\/li><li class=\"blocks-gallery-item\"><figure><img decoding=\"async\" loading=\"lazy\" width=\"787\" height=\"787\" src=\"http:\/\/lapiazzadelleidee.comune.mirano.ve.it\/cms\/wp-content\/uploads\/2019\/05\/20190215_205449_ridotta.jpg\" alt=\"\" data-id=\"1137\" data-full-url=\"http:\/\/lapiazzadelleidee.comune.mirano.ve.it\/cms\/wp-content\/uploads\/2019\/05\/20190215_205449_ridotta.jpg\" data-link=\"http:\/\/lapiazzadelleidee.comune.mirano.ve.it\/?attachment_id=1137\" class=\"wp-image-1137\" srcset=\"https:\/\/lapiazzadelleidee.comune.mirano.ve.it\/cms\/wp-content\/uploads\/2019\/05\/20190215_205449_ridotta.jpg 787w, https:\/\/lapiazzadelleidee.comune.mirano.ve.it\/cms\/wp-content\/uploads\/2019\/05\/20190215_205449_ridotta-150x150.jpg 150w, https:\/\/lapiazzadelleidee.comune.mirano.ve.it\/cms\/wp-content\/uploads\/2019\/05\/20190215_205449_ridotta-300x300.jpg 300w, https:\/\/lapiazzadelleidee.comune.mirano.ve.it\/cms\/wp-content\/uploads\/2019\/05\/20190215_205449_ridotta-768x768.jpg 768w\" sizes=\"(max-width: 787px) 100vw, 787px\" \/><\/figure><\/li><li class=\"blocks-gallery-item\"><figure><img decoding=\"async\" loading=\"lazy\" width=\"787\" height=\"787\" src=\"http:\/\/lapiazzadelleidee.comune.mirano.ve.it\/cms\/wp-content\/uploads\/2019\/05\/20190215_205419_ridotta.jpg\" alt=\"\" data-id=\"1136\" data-full-url=\"http:\/\/lapiazzadelleidee.comune.mirano.ve.it\/cms\/wp-content\/uploads\/2019\/05\/20190215_205419_ridotta.jpg\" data-link=\"http:\/\/lapiazzadelleidee.comune.mirano.ve.it\/?attachment_id=1136\" class=\"wp-image-1136\" srcset=\"https:\/\/lapiazzadelleidee.comune.mirano.ve.it\/cms\/wp-content\/uploads\/2019\/05\/20190215_205419_ridotta.jpg 787w, https:\/\/lapiazzadelleidee.comune.mirano.ve.it\/cms\/wp-content\/uploads\/2019\/05\/20190215_205419_ridotta-150x150.jpg 150w, https:\/\/lapiazzadelleidee.comune.mirano.ve.it\/cms\/wp-content\/uploads\/2019\/05\/20190215_205419_ridotta-300x300.jpg 300w, https:\/\/lapiazzadelleidee.comune.mirano.ve.it\/cms\/wp-content\/uploads\/2019\/05\/20190215_205419_ridotta-768x768.jpg 768w\" sizes=\"(max-width: 787px) 100vw, 787px\" \/><\/figure><\/li><li class=\"blocks-gallery-item\"><figure><img decoding=\"async\" loading=\"lazy\" width=\"1024\" height=\"885\" src=\"http:\/\/lapiazzadelleidee.comune.mirano.ve.it\/cms\/wp-content\/uploads\/2019\/05\/20190215_211647-1-1024x885.jpg\" alt=\"\" data-id=\"1138\" data-full-url=\"http:\/\/lapiazzadelleidee.comune.mirano.ve.it\/cms\/wp-content\/uploads\/2019\/05\/20190215_211647-1.jpg\" data-link=\"http:\/\/lapiazzadelleidee.comune.mirano.ve.it\/?attachment_id=1138\" class=\"wp-image-1138\" srcset=\"https:\/\/lapiazzadelleidee.comune.mirano.ve.it\/cms\/wp-content\/uploads\/2019\/05\/20190215_211647-1-1024x885.jpg 1024w, https:\/\/lapiazzadelleidee.comune.mirano.ve.it\/cms\/wp-content\/uploads\/2019\/05\/20190215_211647-1-300x259.jpg 300w, https:\/\/lapiazzadelleidee.comune.mirano.ve.it\/cms\/wp-content\/uploads\/2019\/05\/20190215_211647-1-768x664.jpg 768w, https:\/\/lapiazzadelleidee.comune.mirano.ve.it\/cms\/wp-content\/uploads\/2019\/05\/20190215_211647-1-1249x1080.jpg 1249w\" sizes=\"(max-width: 1024px) 100vw, 1024px\" \/><\/figure><\/li><\/ul><\/figure>\n\n\n\n<div style=\"height:20px\" aria-hidden=\"true\" class=\"wp-block-spacer\"><\/div>\n\n\n\n<p>La proposta intende stimolare la riappropriazione della citt\u00e0 da parte di bambini e bambine, attraverso la conoscenza dell&#8217;ambiente nel quale viviamo, inteso non solo come spazio del consumo e dello sfruttamento delle risorse. \u00c8 necessario <strong>ripensare la citt\u00e0 come luogo d&#8217;incontro tra generazioni della convivialit\u00e0, dell&#8217;agio<\/strong>. <\/p>\n\n\n\n<p>La realizzazione del progetto prevede il coinvolgimento degli Istituti Comprensivi Mirano 1 e Mirano 2, amministratori, associazioni, gruppi che in modo coordinato e cooperativo assicureranno il servizio a favore degli alunni frequentanti le Scuole Primarie.<\/p>\n\n\n\n<figure class=\"wp-block-video\"><video controls src=\"http:\/\/www.comune.mirano.ve.it\/comune\/pedibus\/Video%20Promo%20Pedibus.mp4\"><\/video><\/figure>\n\n\n\n<div style=\"height:27px\" aria-hidden=\"true\" class=\"wp-block-spacer\"><\/div>\n\n\n<a href=\"http:\/\/lapiazzadelleidee.comune.mirano.ve.it\/?page_id=1021\" class=\"su-button su-button-style-flat\" style=\"color:#FFFFFF;background-color:#2D89EF;border-color:#246ec0;border-radius:6px;-moz-border-radius:6px;-webkit-border-radius:6px\" target=\"_blank\" rel=\"noopener noreferrer\"><span style=\"color:#FFFFFF;padding:6px 18px;font-size:14px;line-height:21px;border-color:#6cadf4;border-radius:6px;-moz-border-radius:6px;-webkit-border-radius:6px;text-shadow:none;-moz-text-shadow:none;-webkit-text-shadow:none\"><i class=\"sui sui-arrow-right\" style=\"font-size:14px;color:#FFFFFF\"><\/i> approfondimenti<\/span><\/a>\n\n\n<a href=\"http:\/\/lapiazzadelleidee.comune.mirano.ve.it\/?page_id=947\" class=\"su-button su-button-style-flat\" style=\"color:#FFFFFF;background-color:#2D89EF;border-color:#246ec0;border-radius:6px;-moz-border-radius:6px;-webkit-border-radius:6px\" target=\"_blank\" rel=\"noopener noreferrer\"><span style=\"color:#FFFFFF;padding:6px 18px;font-size:14px;line-height:21px;border-color:#6cadf4;border-radius:6px;-moz-border-radius:6px;-webkit-border-radius:6px;text-shadow:none;-moz-text-shadow:none;-webkit-text-shadow:none\"><i class=\"sui sui-arrow-right\" style=\"font-size:14px;color:#FFFFFF\"><\/i> iscrizioni<\/span><\/a>\n\n\n<a href=\"http:\/\/lapiazzadelleidee.comune.mirano.ve.it\/?page_id=950\" class=\"su-button su-button-style-flat\" style=\"color:#FFFFFF;background-color:#2D89EF;border-color:#246ec0;border-radius:6px;-moz-border-radius:6px;-webkit-border-radius:6px\" target=\"_blank\" rel=\"noopener noreferrer\"><span style=\"color:#FFFFFF;padding:6px 18px;font-size:14px;line-height:21px;border-color:#6cadf4;border-radius:6px;-moz-border-radius:6px;-webkit-border-radius:6px;text-shadow:none;-moz-text-shadow:none;-webkit-text-shadow:none\"><i class=\"sui sui-arrow-right\" style=\"font-size:14px;color:#FFFFFF\"><\/i> linee<\/span><\/a>\n","protected":false},"excerpt":{"rendered":"<p>Il Comune, in collaborazione con Legambiente di Mirano e gli II.CC.SS. Mirano 1 e Mirano 2, sostiene e promuove il Progetto Pedibus &#8211; Sicuri a scuola a piedi.\u00a0\u00a0Siamo ripartiti l\u20198 maggio 2019, con una prima fase sperimentale, per poi riprendere all&#8217;inizio del nuovo anno scolastico 2019-2020, grazie agli insegnanti e ai genitori volontari che hanno&hellip; <br \/> <a class=\"button small blue\" href=\"https:\/\/lapiazzadelleidee.comune.mirano.ve.it\/?page_id=620\">Leggi tutto<\/a><\/p>\n","protected":false},"author":1,"featured_media":0,"parent":0,"menu_order":0,"comment_status":"closed","ping_status":"closed","template":"","meta":{"footnotes":""},"_links":{"self":[{"href":"https:\/\/lapiazzadelleidee.comune.mirano.ve.it\/index.php?rest_route=\/wp\/v2\/pages\/620"}],"collection":[{"href":"https:\/\/lapiazzadelleidee.comune.mirano.ve.it\/index.php?rest_route=\/wp\/v2\/pages"}],"about":[{"href":"https:\/\/lapiazzadelleidee.comune.mirano.ve.it\/index.php?rest_route=\/wp\/v2\/types\/page"}],"author":[{"embeddable":true,"href":"https:\/\/lapiazzadelleidee.comune.mirano.ve.it\/index.php?rest_route=\/wp\/v2\/users\/1"}],"replies":[{"embeddable":true,"href":"https:\/\/lapiazzadelleidee.comune.mirano.ve.it\/index.php?rest_route=%2Fwp%2Fv2%2Fcomments&post=620"}],"version-history":[{"count":29,"href":"https:\/\/lapiazzadelleidee.comune.mirano.ve.it\/index.php?rest_route=\/wp\/v2\/pages\/620\/revisions"}],"predecessor-version":[{"id":1645,"href":"https:\/\/lapiazzadelleidee.comune.mirano.ve.it\/index.php?rest_route=\/wp\/v2\/pages\/620\/revisions\/1645"}],"wp:attachment":[{"href":"https:\/\/lapiazzadelleidee.comune.mirano.ve.it\/index.php?rest_route=%2Fwp%2Fv2%2Fmedia&parent=620"}],"curies":[{"name":"wp","href":"https:\/\/api.w.org\/{rel}","templated":true}]}}