{"id":662,"date":"2019-04-11T11:45:53","date_gmt":"2019-04-11T09:45:53","guid":{"rendered":"http:\/\/lapiazzadelleidee.comune.mirano.ve.it\/?page_id=662"},"modified":"2022-06-10T13:06:48","modified_gmt":"2022-06-10T11:06:48","slug":"lo-spazio-della-partecipazione","status":"publish","type":"page","link":"https:\/\/lapiazzadelleidee.comune.mirano.ve.it\/?page_id=662","title":{"rendered":"Mirano Urla"},"content":{"rendered":"\n<h3 class=\"wp-block-heading\">2019, in corso<\/h3>\n\n\n\n<div style=\"height:20px\" aria-hidden=\"true\" class=\"wp-block-spacer\"><\/div>\n\n\n\n<div class=\"wp-block-media-text alignwide is-stacked-on-mobile is-vertically-aligned-top\" style=\"grid-template-columns:30% auto\"><figure class=\"wp-block-media-text__media\"><img decoding=\"async\" loading=\"lazy\" width=\"500\" height=\"500\" src=\"http:\/\/lapiazzadelleidee.comune.mirano.ve.it\/cms\/wp-content\/uploads\/2019\/11\/mirano-urla-1.jpeg\" alt=\"\" class=\"wp-image-1307 size-full\" srcset=\"https:\/\/lapiazzadelleidee.comune.mirano.ve.it\/cms\/wp-content\/uploads\/2019\/11\/mirano-urla-1.jpeg 500w, https:\/\/lapiazzadelleidee.comune.mirano.ve.it\/cms\/wp-content\/uploads\/2019\/11\/mirano-urla-1-300x300.jpeg 300w, https:\/\/lapiazzadelleidee.comune.mirano.ve.it\/cms\/wp-content\/uploads\/2019\/11\/mirano-urla-1-150x150.jpeg 150w\" sizes=\"(max-width: 500px) 100vw, 500px\" \/><\/figure><div class=\"wp-block-media-text__content\">\n<p class=\"has-normal-font-size\">Associazioni coinvolte nella rete di partenariato: <\/p>\n\n\n\n<ul><li> <strong><a href=\"https:\/\/www.facebook.com\/legambiente.rivieradelbrenta\" target=\"_blank\" rel=\"noreferrer noopener\" aria-label=\"Associazione Legambiente CIRCOLO RIVIERA DEL BRENTA (apre in una nuova scheda)\">Associazione Legambiente CIRCOLO RIVIERA DEL BRENTA<\/a><\/strong> (capofila)<\/li><li><strong><a href=\"https:\/\/www.facebook.com\/assogps\/\" target=\"_blank\" rel=\"noreferrer noopener\" aria-label=\"Associazione Giovani Promozione Sociale Mirano (GPS) (apre in una nuova scheda)\">Associazione Giovani Promozione Sociale Mirano (GPS)<\/a><\/strong><\/li><li><strong><a href=\"https:\/\/www.facebook.com\/ASCMirano\/\" target=\"_blank\" rel=\"noreferrer noopener\" aria-label=\"Associazione Skate Cultura Mirano (SKM) (apre in una nuova scheda)\">Associazione Skate Cultura Mirano (SKM)<\/a><\/strong><\/li><li><strong><a href=\"https:\/\/www.facebook.com\/TrueHardcoreCycle\/\" target=\"_blank\" rel=\"noreferrer noopener\" aria-label=\"Associazione True Hardcore Cycle Mirano (THC) (apre in una nuova scheda)\">Associazione True Hardcore Cycle Mirano (THC)<\/a> <\/strong> <\/li><\/ul>\n\n\n\n<p>Le azioni di progetto hanno visto la partecipazione attiva di diversi cittadini e il coinvolgimento di altre associazioni e comitati locali. <\/p>\n\n\n<a href=\"https:\/\/www.instagram.com\/mirano_urla\/?hl=it\" class=\"su-button su-button-style-flat\" style=\"color:#e01c1c;background-color:#ffffff;border-color:#cccccc;border-radius:10px;-moz-border-radius:10px;-webkit-border-radius:10px\" target=\"_blank\" rel=\"noopener noreferrer\"><span style=\"color:#e01c1c;padding:8px 26px;font-size:20px;line-height:30px;border-color:#ffffff;border-radius:10px;-moz-border-radius:10px;-webkit-border-radius:10px;text-shadow:none;-moz-text-shadow:none;-webkit-text-shadow:none\"><i class=\"sui sui-instagram\" style=\"font-size:20px;color:#e01c1c\"><\/i> @mirano_urla<\/span><\/a>\n<\/div><\/div>\n\n\n\n<div style=\"height:39px\" aria-hidden=\"true\" class=\"wp-block-spacer\"><\/div>\n\n\n\n<p><strong>MIRANO URLA!<\/strong> \u00e8 parte del progetto <strong><em><a href=\"https:\/\/www.facebook.com\/tuttamiacitta\/\" target=\"_blank\" rel=\"noreferrer noopener\" aria-label=\"#Tuttamialacitt\u00e0: (apre in una nuova scheda)\">#Tuttamialacitt\u00e0:<\/a> le azioni di rigenerazione urbana del volontariato per le comunit\u00e0 locali<\/em><\/strong>, promosso dal CAVV-CSV di Venezia. L\u2019iniziativa \u00e8 finanziata dal <em><strong>Comitato di Gestione del Fondo Speciale Regionale per il Volontariato del Veneto<\/strong><\/em>.  <\/p>\n\n\n\n<p>Durante il corso di formazione <strong>#tuttamialacitt\u00e0<\/strong>, organizzato dal CSV di Venezia, le associazioni del partenariato sono entrate in contatto, si sono conosciute, hanno intravisto degli obiettivi comuni, individuato delle sinergie e ipotizzato delle attivit\u00e0.<\/p>\n\n\n\n<p>Da parte sua l\u2019amministrazione sostiene il progetto, anche attraverso il patrocinio, trattandosi di occasioni che risvegliano il senso di comunit\u00e0 e di appartenenza al quartiere, e questo si traduce in una maggiore sensibilit\u00e0 e rispetto per gli spazi comuni: <strong>un quartiere pi\u00f9 vivo e con pi\u00f9 iniziative significa un quartiere meno degradato, pi\u00f9 curato, pi\u00f9 pulito e pi\u00f9 sicuro<\/strong>.<\/p>\n\n\n\n<div style=\"height:20px\" aria-hidden=\"true\" class=\"wp-block-spacer\"><\/div>\n\n\n\n<h3 class=\"wp-block-heading\">Il progetto<\/h3>\n\n\n\n<p><em>&#8220;Scoprire che mettendoci insieme possiamo valorizzare i nostri spazi e le nostre strutture, soddisfare bisogni e risolvere problemi sia specifici delle singole associazioni che comuni anche ai cittadini \u00e8 stata una stupenda sorpresa.<br>Intendiamo affrontare assieme un rilevante problema della nostra societ\u00e0: far incontrare persone di diverse et\u00e0 e condizione sociale per determinare una feconda contaminazione tra le generazioni e, insieme, favorire positivi percorsi individuali e collettivi di esperienze di vita e lavorative.<br>Infine, possiamo intrecciare le risposte da dare ai problemi di breve periodo (cura degli spazi e delle strutture, solitudini, mancanza di luoghi di aggregazione), con quelle orientate ai problemi che guardano al futuro (mobilit\u00e0 sostenibile, biodiversit\u00e0, cambiamenti climatici).<br>Il progetto \u00e8 frutto di un\u2019inedita e innovativa collaborazione di tre associazioni giovanili (Giovani Promozione Sociale, Skate Cultura Mirano, True Hardcore Cycle) formate da ragazzi preparati e pieni di un contagioso entusiasmo che intendono condividere e diffondere, e di un\u2019associazione (Legambiente) storicamente impegnata nel campo della tutela ambientale e della valorizzazione dei beni comuni.<br>Il progetto, attraverso la progettazione partecipata, individua i principali stakeholder per elaborare azioni di rigenerazione urbana in cui coinvolgere sia i cittadini del Comune di Mirano che quelli del territorio circostante, comprendendo nelle proposte l\u2019area del Miranese e la Riviera del Brenta fino all\u2019hinterland di Mestre.<br>Il progetto si rivolge in particolare ai giovani. Partendo dall\u2019analisi dei bisogni delle associazioni partner, \u00e8 finalizzato ad incrementare l\u2019utilizzo degli spazi in gestione e a metterli in rete, ad intervenire per migliorare la qualit\u00e0 e l\u2019estetica dei luoghi, a coinvolgere le altre realt\u00e0 associative del territorio, a creare opportunit\u00e0 lavorative.<br> Una delle idee forti del progetto \u00e8 di collaborare con le scuole nel campo dell\u2019alternanza scuola-lavoro offrendo anche proposte di attivit\u00e0 sane e salutari per il tempo libero dei giovani, fornendo occasioni di relazioni tra i cittadini di diverse et\u00e0 ed esperienze e aumentando il senso civico e di appartenenza alla comunit\u00e0.&#8221;<\/em> (associzioni partner)<\/p>\n\n\n\n<div style=\"height:20px\" aria-hidden=\"true\" class=\"wp-block-spacer\"><\/div>\n\n\n\n<p>Il progetto MiranoUrla \u00e8 proseguito nel 2020 con il nuovo processo, in corso, <a rel=\"noreferrer noopener\" href=\"http:\/\/lapiazzadelleidee.comune.mirano.ve.it\/?page_id=2013\" target=\"_blank\"><strong>MyRegeneration<\/strong><\/a><\/p>\n\n\n\n<h4 class=\"wp-block-heading\">Alcune delle attivit\u00e0 svolte<\/h4>\n\n\n\n<p><a href=\"http:\/\/lapiazzadelleidee.comune.mirano.ve.it\/?p=1914\" target=\"_blank\" rel=\"noreferrer noopener\">20.09.2020, <strong>Andar per argini<\/strong><\/a><\/p>\n\n\n\n<p><a href=\"http:\/\/lapiazzadelleidee.comune.mirano.ve.it\/?p=1896\" target=\"_blank\" rel=\"noreferrer noopener\">10.08.2020, <strong>Tavolo da ping-pong inclusivo<\/strong><\/a><\/p>\n\n\n\n<p><a href=\"http:\/\/lapiazzadelleidee.comune.mirano.ve.it\/?p=1354\" target=\"_blank\" rel=\"noreferrer noopener\" aria-label=\" (apre in una nuova scheda)\">28.09.2019, <strong>Open Space<\/strong><\/a><\/p>\n\n\n\n<p><a href=\"http:\/\/lapiazzadelleidee.comune.mirano.ve.it\/?page_id=1330\" target=\"_blank\" rel=\"noreferrer noopener\" aria-label=\" (apre in una nuova scheda)\">27.10.2019, coinvolgimento azione<strong> 72h con le maniche in su- 2019<\/strong><\/a><\/p>\n\n\n\n<p><a rel=\"noreferrer noopener\" aria-label=\" (apre in una nuova scheda)\" href=\"http:\/\/lapiazzadelleidee.comune.mirano.ve.it\/?p=1363\" target=\"_blank\">15.11.2019, <strong>BookCrossing<\/strong><\/a><\/p>\n\n\n\n<p><strong><a href=\"http:\/\/lapiazzadelleidee.comune.mirano.ve.it\/?p=2138\" target=\"_blank\" rel=\"noreferrer noopener\">in corso, Mappa Metrominuto<\/a><\/strong><\/p>\n","protected":false},"excerpt":{"rendered":"<p>2019, in corso MIRANO URLA! \u00e8 parte del progetto #Tuttamialacitt\u00e0: le azioni di rigenerazione urbana del volontariato per le comunit\u00e0 locali, promosso dal CAVV-CSV di Venezia. L\u2019iniziativa \u00e8 finanziata dal Comitato di Gestione del Fondo Speciale Regionale per il Volontariato del Veneto. Durante il corso di formazione #tuttamialacitt\u00e0, organizzato dal CSV di Venezia, le associazioni&hellip; <br \/> <a class=\"button small blue\" href=\"https:\/\/lapiazzadelleidee.comune.mirano.ve.it\/?page_id=662\">Leggi tutto<\/a><\/p>\n","protected":false},"author":1,"featured_media":0,"parent":0,"menu_order":0,"comment_status":"closed","ping_status":"closed","template":"","meta":{"footnotes":""},"_links":{"self":[{"href":"https:\/\/lapiazzadelleidee.comune.mirano.ve.it\/index.php?rest_route=\/wp\/v2\/pages\/662"}],"collection":[{"href":"https:\/\/lapiazzadelleidee.comune.mirano.ve.it\/index.php?rest_route=\/wp\/v2\/pages"}],"about":[{"href":"https:\/\/lapiazzadelleidee.comune.mirano.ve.it\/index.php?rest_route=\/wp\/v2\/types\/page"}],"author":[{"embeddable":true,"href":"https:\/\/lapiazzadelleidee.comune.mirano.ve.it\/index.php?rest_route=\/wp\/v2\/users\/1"}],"replies":[{"embeddable":true,"href":"https:\/\/lapiazzadelleidee.comune.mirano.ve.it\/index.php?rest_route=%2Fwp%2Fv2%2Fcomments&post=662"}],"version-history":[{"count":59,"href":"https:\/\/lapiazzadelleidee.comune.mirano.ve.it\/index.php?rest_route=\/wp\/v2\/pages\/662\/revisions"}],"predecessor-version":[{"id":2142,"href":"https:\/\/lapiazzadelleidee.comune.mirano.ve.it\/index.php?rest_route=\/wp\/v2\/pages\/662\/revisions\/2142"}],"wp:attachment":[{"href":"https:\/\/lapiazzadelleidee.comune.mirano.ve.it\/index.php?rest_route=%2Fwp%2Fv2%2Fmedia&parent=662"}],"curies":[{"name":"wp","href":"https:\/\/api.w.org\/{rel}","templated":true}]}}