{"id":668,"date":"2019-04-11T12:14:56","date_gmt":"2019-04-11T10:14:56","guid":{"rendered":"http:\/\/lapiazzadelleidee.comune.mirano.ve.it\/?page_id=668"},"modified":"2020-02-12T13:54:49","modified_gmt":"2020-02-12T12:54:49","slug":"pat","status":"publish","type":"page","link":"https:\/\/lapiazzadelleidee.comune.mirano.ve.it\/?page_id=668","title":{"rendered":"PAT"},"content":{"rendered":"\n<p>Il Consiglio comunale di Mirano con delibera n. 29 del 29 marzo 2019 ha\u00a0<strong>adottato il Piano di Assetto del Territorio<\/strong>\u00a0(PAT), documento di tipo strategico che persegue obiettivi generali di promozione e sviluppo sostenibile del territorio comunale. Non contiene, dunque, elementi di progettazione puntuali e definitivi, che invece pertengono al Piano degli Interventi (PI), che sar\u00e0 sviluppato in un secondo momento, sempre e comunque a partire dalla cornice impostata dal PAT stesso.<br><br>Il PAT \u00e8 frutto di un percorso che ha verificato necessit\u00e0 del territorio e anche le richieste dei cittadini, e poi ha valutato la possibilit\u00e0 di dare risposte. Il connotato principale del Piano \u00e8 la\u00a0<strong>salvaguardia del territorio miranese e delle sue peculiarit\u00e0 paesaggistico-ambientali e storico-culturali<\/strong>. Permette di superare la vecchia impostazione dei piani regolatori, che davano priorit\u00e0 all\u2019aspetto edificatorio, mentre oggi ci\u00f2 che conta \u00e8 conservare e\u00a0<strong>rafforzare l\u2019identit\u00e0 del territorio e il livello dei servizi<\/strong>. Il PAT pensa a Mirano non solo come insieme di edifici e strade, ma anche come insieme di persone, con i lori bisogni, e relazioni.\u00a0<br><br>Il PAT si sviluppa in due fasi principali, una di\u00a0<strong>descrizione dell\u2019esistente<\/strong>, l\u2019altra di vera e propria\u00a0<strong>definizione degli obiettivi<\/strong>. La prima racchiude un esteso apparato valutativo (analisi sulle caratteristiche idrauliche, agronomiche, ecc., del territorio) che ha avuto lo scopo di fornire tutti gli elementi necessari a compiere le scelte pi\u00f9 adeguate e utili per il territorio e i suoi cittadini. Il PAT recepisce anche tutti i vincoli presenti sul territorio derivanti da leggi o pianificazioni di livello superiore. Gli elementi raccolti sono distribuiti in quattro carte. La\u00a0<strong>Carta dei vincoli e della pianificazione territoriale<\/strong>, che, oltre a elencare i vincoli presenti, individua fasce e zone di tutela. La\u00a0<strong>Carta delle Invarianti<\/strong>\u00a0riporta gli elementi di particolare valore da conservare e valorizzare per la preservazione dell\u2019identit\u00e0 territoriale. La\u00a0<strong>Carta delle Fragilit\u00e0<\/strong>\u00a0individua le principali criticit\u00e0 di natura geologica e idrogeologica. La\u00a0<strong>Carta delle Trasformabilit\u00e0<\/strong>\u00a0fa sintesi, distinguendo tra le parti che devono rimanere invariate e quelle che necessitano di riqualificazione. Particolare rilevanza assumono le indicazioni relative alla riqualificazione paesaggistica e ambientale (per es., individuata una\u00a0<em>buffer zone<\/em>\u00a0lungo il Passante per mitigare l\u2019impatto dell\u2019arteria autostradale e di quelle ad essa connesse).<br><br>Gli\u00a0<strong>obiettivi strategici<\/strong>, frutto del percorso sono suddividibili in base ai diversi sistemi che compongono il nostro territorio.\u00a0<strong>Sistema ambientale e storico-paesaggistico:<\/strong>\u00a0ridurre rischio idraulico, limitare uso di suolo attualmente agricolo, sviluppare rete ecologica e biodiversit\u00e0, salvaguardare paesaggio rurale, mantenere pause visive e coni visuali, valorizzare graticolato romano, rete di parchi pubblici e aree verdi, fasce di mitigazione e abbattimento impatti, progetto Green ways\/Muson D10, connessioni ciclabili tra graticolato e Muson, processi di rinaturalizzazione, valorizzare corsi d\u2019acqua, valorizzare itinerari di interesse storico, valorizzare sistema delle ville venete, valorizzare centri storici, valorizzare boschi di pianura.\u00a0<strong>Sistema insediativo:<\/strong>\u00a0potenziare servizi a scala sovracomunale, migliorare spazi pubblici, potenziare aree a standard, tutelare utenti deboli, mantenere servizi nelle frazioni, sostenibilit\u00e0 degli insediamenti, riconversione aree dismesse, adeguamento infrastrutture, soddisfare domanda abitativa.\u00a0<strong>Sistema economico-produttivo:<\/strong>\u00a0valorizzare produzioni agricole locali e tipiche, promuovere trasferimento attivit\u00e0 improprie, sistema integrato di offerta turistica.\u00a0<strong>Sistema relazionale (o viabilistico):<\/strong>\u00a0definire un sistema infrastrutturale di area vasta, ridurre gli incidenti, ridurre traffico di attraversamento, sviluppare mobilit\u00e0 sostenibile e trasporto pubblico, valorizzare percorsi storici di interesse paesaggistico. Va ricordato che non \u00e8 prevista la realizzazione di nuove strade, ma solo adeguamenti e completamenti per meglio connettere le varie parti del territorio.<br><br>La\u00a0<strong>concretezza realizzativa<\/strong>\u00a0sar\u00e0 raggiunta con l\u2019approvazione, da parte del Consiglio comunale, del\u00a0<strong>Piano degli Interventi<\/strong>, che svilupper\u00e0 le azioni necessarie a raggiungere gli obiettivi. Tuttavia\u00a0<strong>il PATanticipa comunque un maggior grado di dettaglio<\/strong>\u00a0rispetto agli obiettivi strategici esplicitando\u00a0<strong>prescrizioni e direttive<\/strong>\u00a0di cui tener conto per la stesura del PI. Lo fa scandendo alcune\u00a0<strong>azioni strategiche e di tutela<\/strong>. Tra le principali, si possono elencare la salvaguardia bosco del Parauro, il parco del Muson, il parco agrocenturiato e il parco agrourbano nella zona tra via Miranese e via Villafranca (la quale manterr\u00e0 funzioni e caratteri rurali), completamento della zona residenziale di Zianigo ovest con adeguamento infrastrutturale, sviluppo centro sportivo di Ball\u00f2 e completamento di quelli di Vetrego e Luneo, riqualificazione piazzale della chiesa di Scaltenigo, nuovo parcheggio stazione di Ball\u00f2, riqualificazione di alcune vie (tra cui via Dante, incrocio via Villafranca-via Vittoria), riconversione funzionale dell\u2019ospedale vecchio, sviluppo della rete ciclabile. <\/p>\n\n\n\n<p><a href=\"http:\/\/www.comune.mirano.ve.it\/comune\/sit-pat-pum\/pat\/concertazione.htm\" target=\"_blank\" rel=\"noreferrer noopener\" aria-label=\" (apre in una nuova scheda)\"><strong>Gli elaborati del piano nel sito del comune<\/strong><\/a>, approfondisci<\/p>\n\n\n\n<div style=\"height:32px\" aria-hidden=\"true\" class=\"wp-block-spacer\"><\/div>\n\n\n\n<hr class=\"wp-block-separator is-style-wide\"\/>\n\n\n\n<p><strong><a href=\"http:\/\/lapiazzadelleidee.comune.mirano.ve.it\/?cat=6\" target=\"_blank\" rel=\"noreferrer noopener\" aria-label=\"Tutte le notizie sul PAT (apre in una nuova scheda)\">Tutte le notizie sul PAT<\/a><\/strong><\/p>\n","protected":false},"excerpt":{"rendered":"<p>Il Consiglio comunale di Mirano con delibera n. 29 del 29 marzo 2019 ha\u00a0adottato il Piano di Assetto del Territorio\u00a0(PAT), documento di tipo strategico che persegue obiettivi generali di promozione e sviluppo sostenibile del territorio comunale. Non contiene, dunque, elementi di progettazione puntuali e definitivi, che invece pertengono al Piano degli Interventi (PI), che sar\u00e0&hellip; <br \/> <a class=\"button small blue\" href=\"https:\/\/lapiazzadelleidee.comune.mirano.ve.it\/?page_id=668\">Leggi tutto<\/a><\/p>\n","protected":false},"author":1,"featured_media":0,"parent":0,"menu_order":0,"comment_status":"closed","ping_status":"closed","template":"","meta":{"footnotes":""},"_links":{"self":[{"href":"https:\/\/lapiazzadelleidee.comune.mirano.ve.it\/index.php?rest_route=\/wp\/v2\/pages\/668"}],"collection":[{"href":"https:\/\/lapiazzadelleidee.comune.mirano.ve.it\/index.php?rest_route=\/wp\/v2\/pages"}],"about":[{"href":"https:\/\/lapiazzadelleidee.comune.mirano.ve.it\/index.php?rest_route=\/wp\/v2\/types\/page"}],"author":[{"embeddable":true,"href":"https:\/\/lapiazzadelleidee.comune.mirano.ve.it\/index.php?rest_route=\/wp\/v2\/users\/1"}],"replies":[{"embeddable":true,"href":"https:\/\/lapiazzadelleidee.comune.mirano.ve.it\/index.php?rest_route=%2Fwp%2Fv2%2Fcomments&post=668"}],"version-history":[{"count":9,"href":"https:\/\/lapiazzadelleidee.comune.mirano.ve.it\/index.php?rest_route=\/wp\/v2\/pages\/668\/revisions"}],"predecessor-version":[{"id":1717,"href":"https:\/\/lapiazzadelleidee.comune.mirano.ve.it\/index.php?rest_route=\/wp\/v2\/pages\/668\/revisions\/1717"}],"wp:attachment":[{"href":"https:\/\/lapiazzadelleidee.comune.mirano.ve.it\/index.php?rest_route=%2Fwp%2Fv2%2Fmedia&parent=668"}],"curies":[{"name":"wp","href":"https:\/\/api.w.org\/{rel}","templated":true}]}}